{"id":10,"date":"2020-01-20T19:36:43","date_gmt":"2020-01-20T19:36:43","guid":{"rendered":"https:\/\/www.coxautoinc.com\/terms\/?page_id=10"},"modified":"2024-08-12T12:21:07","modified_gmt":"2024-08-12T12:21:07","slug":"portugal","status":"publish","type":"page","link":"https:\/\/www.coxautoinc.com\/terms\/portugal\/","title":{"rendered":"Portugal"},"content":{"rendered":"\t\t<div data-elementor-type=\"wp-post\" data-elementor-id=\"10\" class=\"elementor elementor-10\" data-elementor-post-type=\"page\">\n\t\t\t\t\t\t<section class=\"elementor-section elementor-top-section elementor-element elementor-element-5724bd3 elementor-section-boxed elementor-section-height-default elementor-section-height-default\" data-id=\"5724bd3\" data-element_type=\"section\" data-e-type=\"section\">\n\t\t\t\t\t\t<div class=\"elementor-container elementor-column-gap-default\">\n\t\t\t\t\t<div class=\"elementor-column elementor-col-100 elementor-top-column elementor-element elementor-element-51da048\" data-id=\"51da048\" data-element_type=\"column\" data-e-type=\"column\">\n\t\t\t<div class=\"elementor-widget-wrap elementor-element-populated\">\n\t\t\t\t\t\t<div class=\"elementor-element elementor-element-ddf84a6 elementor-widget elementor-widget-spacer\" data-id=\"ddf84a6\" data-element_type=\"widget\" data-e-type=\"widget\" data-widget_type=\"spacer.default\">\n\t\t\t\t<div class=\"elementor-widget-container\">\n\t\t\t\t\t\t\t<div class=\"elementor-spacer\">\n\t\t\t<div class=\"elementor-spacer-inner\"><\/div>\n\t\t<\/div>\n\t\t\t\t\t\t<\/div>\n\t\t\t\t<\/div>\n\t\t\t\t<div class=\"elementor-element elementor-element-5a99b2b elementor-widget elementor-widget-heading\" data-id=\"5a99b2b\" data-element_type=\"widget\" data-e-type=\"widget\" data-widget_type=\"heading.default\">\n\t\t\t\t<div class=\"elementor-widget-container\">\n\t\t\t\t\t<h2 class=\"elementor-heading-title elementor-size-default\">Terms &amp; Conditions - Portugal<\/h2>\t\t\t\t<\/div>\n\t\t\t\t<\/div>\n\t\t\t\t<div class=\"elementor-element elementor-element-561c127 elementor-widget-divider--view-line elementor-widget elementor-widget-divider\" data-id=\"561c127\" data-element_type=\"widget\" data-e-type=\"widget\" data-widget_type=\"divider.default\">\n\t\t\t\t<div class=\"elementor-widget-container\">\n\t\t\t\t\t\t\t<div class=\"elementor-divider\">\n\t\t\t<span class=\"elementor-divider-separator\">\n\t\t\t\t\t\t<\/span>\n\t\t<\/div>\n\t\t\t\t\t\t<\/div>\n\t\t\t\t<\/div>\n\t\t\t\t<div class=\"elementor-element elementor-element-35cc437 elementor-widget elementor-widget-text-editor\" data-id=\"35cc437\" data-element_type=\"widget\" data-e-type=\"widget\" data-widget_type=\"text-editor.default\">\n\t\t\t\t<div class=\"elementor-widget-container\">\n\t\t\t\t\t\t\t\t\t<ul style=\"padding-left: 20px;\"><li style=\"line-height: 2;\"><a target=\"_blank\" href=\"https:\/\/www.coxautoinc.com\/wp-content\/uploads\/2019\/06\/COX-PORTUGAL-MASTER-SUBSCRIPTION-TERMS-6-12-19-7.pdf\" target=\"_blank\" rel=\"noopener\">Master Subscription Terms<\/a><\/li><li style=\"line-height: 2;\"><a target=\"_blank\" href=\"https:\/\/www.coxautoinc.com\/wp-content\/uploads\/2019\/06\/COX-PORTUGAL-MASTER-SUBSCRIPTION-TERMS-6-12-19-7.pdf\" target=\"_blank\" rel=\"noopener\">Termos Principais De Subscri\u00e7\u00e3o<\/a><\/li><li style=\"line-height: 2;\"><a target=\"_blank\" href=\"https:\/\/www.coxautoinc.com\/wp-content\/uploads\/2019\/06\/COX-PORTUGAL-KELLEY-BLUE-BOOK-LEADDRIVER-ADDITIONAL-TERMS-2019-03-13-6.pdf\" target=\"_blank\" rel=\"noopener\">Kelley Blue Book Leaddriver Additional Terms And Conditions<\/a><\/li><li style=\"line-height: 2;\"><a target=\"_blank\" href=\"https:\/\/www.coxautoinc.com\/wp-content\/uploads\/2019\/06\/COX-PORTUGAL-KELLEY-BLUE-BOOK-LEADDRIVER-ADDITIONAL-TERMS-2019-03-13-6.pdf\" target=\"_blank\" rel=\"noopener\">Kelley Blue Book Leaddriver Termos E Condi\u00e7\u00f5es Adicionais<\/a><\/li><\/ul>\t\t\t\t\t\t\t\t<\/div>\n\t\t\t\t<\/div>\n\t\t\t\t<div class=\"elementor-element elementor-element-c630514 elementor-widget elementor-widget-spacer\" data-id=\"c630514\" data-element_type=\"widget\" data-e-type=\"widget\" data-widget_type=\"spacer.default\">\n\t\t\t\t<div class=\"elementor-widget-container\">\n\t\t\t\t\t\t\t<div class=\"elementor-spacer\">\n\t\t\t<div class=\"elementor-spacer-inner\"><\/div>\n\t\t<\/div>\n\t\t\t\t\t\t<\/div>\n\t\t\t\t<\/div>\n\t\t\t\t\t<\/div>\n\t\t<\/div>\n\t\t\t\t\t<\/div>\n\t\t<\/section>\n\t\t\t\t<\/div>\n\t\t","protected":false},"excerpt":{"rendered":"<p>Terms &amp; Conditions &#8211; Portugal Master Subscription Terms Termos Principais De Subscri\u00e7\u00e3o Kelley Blue Book Leaddriver Additional Terms And Conditions Kelley Blue Book Leaddriver Termos E Condi\u00e7\u00f5es Adicionais<\/p>\n","protected":false},"author":46,"featured_media":0,"parent":0,"menu_order":0,"comment_status":"closed","ping_status":"closed","template":"elementor_header_footer","meta":{"_acf_changed":false,"_yoast_wpseo_primary_category":"","footnotes":""},"categories":[],"class_list":["post-10","page","type-page","status-publish","hentry"],"acf":[],"jetpack_sharing_enabled":true,"_links":{"self":[{"href":"https:\/\/www.coxautoinc.com\/terms\/wp-json\/wp\/v2\/pages\/10","targetHints":{"allow":["GET"]}}],"collection":[{"href":"https:\/\/www.coxautoinc.com\/terms\/wp-json\/wp\/v2\/pages"}],"about":[{"href":"https:\/\/www.coxautoinc.com\/terms\/wp-json\/wp\/v2\/types\/page"}],"author":[{"embeddable":true,"href":"https:\/\/www.coxautoinc.com\/terms\/wp-json\/wp\/v2\/users\/46"}],"replies":[{"embeddable":true,"href":"https:\/\/www.coxautoinc.com\/terms\/wp-json\/wp\/v2\/comments?post=10"}],"version-history":[{"count":1,"href":"https:\/\/www.coxautoinc.com\/terms\/wp-json\/wp\/v2\/pages\/10\/revisions"}],"predecessor-version":[{"id":777,"href":"https:\/\/www.coxautoinc.com\/terms\/wp-json\/wp\/v2\/pages\/10\/revisions\/777"}],"wp:attachment":[{"href":"https:\/\/www.coxautoinc.com\/terms\/wp-json\/wp\/v2\/media?parent=10"}],"wp:term":[{"taxonomy":"category","embeddable":true,"href":"https:\/\/www.coxautoinc.com\/terms\/wp-json\/wp\/v2\/categories?post=10"}],"curies":[{"name":"wp","href":"https:\/\/api.w.org\/{rel}","templated":true}]}}